{"id":2543,"date":"2023-01-09T14:15:37","date_gmt":"2023-01-09T14:15:37","guid":{"rendered":"https:\/\/www.couverture-etienne-58.com\/?page_id=2543"},"modified":"2023-03-21T13:35:48","modified_gmt":"2023-03-21T13:35:48","slug":"bruno-etienne-accueil","status":"publish","type":"page","link":"https:\/\/www.couverture-etienne-58.com\/","title":{"rendered":"Bruno Etienne -Accueil"},"content":{"rendered":"<section class=\"wpb-content-wrapper\"><p>[vc_row full_width=&#8221;stretch_row_content_no_spaces&#8221; content_placement=&#8221;middle&#8221;][vc_column]\n\t\t\t<!-- START Slider 2 REVOLUTION SLIDER 6.6.10 --><p class=\"rs-p-wp-fix\"><\/p>\n\t\t\t<rs-module-wrap id=\"rev_slider_4_1_wrapper\" data-source=\"gallery\" style=\"visibility:hidden;background:transparent;padding:0;\">\n\t\t\t\t<rs-module id=\"rev_slider_4_1\" style=\"\" data-version=\"6.6.10\">\n\t\t\t\t\t<rs-slides style=\"overflow: hidden; position: absolute;\">\n\t\t\t\t\t\t<rs-slide style=\"position: absolute;\" data-key=\"rs-4\" data-title=\"Slide\" data-duration=\"20000ms\" data-in=\"o:0;\" data-out=\"a:false;\">\n\t\t\t\t\t\t\t<img decoding=\"async\" src=\"\/\/www.couverture-etienne-58.com\/wp-content\/plugins\/revslider\/public\/assets\/assets\/dummy.png\" alt=\"\" title=\"Bruno Etienne -Accueil\" class=\"rev-slidebg tp-rs-img rs-lazyload\" data-lazyload=\"\/\/www.couverture-etienne-58.com\/wp-content\/plugins\/revslider\/public\/assets\/assets\/transparent.png\" data-no-retina>\n\t\t\t\t\t\t\t<rs-bgvideo \n\t\t\t\t\t\t\t\tdata-video=\"vc:none;w:100%;h:100%;end:20;nse:false;l:true;ptimer:false;\"\n\t\t\t\t\t\t\t\tdata-ytid=\"38aRcqiJPDs\"\n\t\t\t\t\t\t\t\tdata-vatr=\"version=3&amp;enablejsapi=1&amp;html5=1&amp;hd=1&amp;wmode=opaque&amp;showinfo=0&amp;rel=0&amp;origin=https:\/\/www.couverture-etienne-58.com;\"\n\t\t\t\t\t\t\t><\/rs-bgvideo>\n<!---->\t\t\t\t\t\t<\/rs-slide>\n\t\t\t\t\t\t<rs-slide style=\"position: absolute;\" data-key=\"rs-2\" data-title=\"Slide\" data-thumb=\"\/\/www.couverture-etienne-58.com\/wp-content\/uploads\/2022\/12\/Couverture-Charbonnier-Chateau-Chinon-13-50x100.jpg\" data-in=\"o:0;\" data-out=\"a:false;\">\n\t\t\t\t\t\t\t<img decoding=\"async\" src=\"\/\/www.couverture-etienne-58.com\/wp-content\/plugins\/revslider\/public\/assets\/assets\/dummy.png\" alt=\"\" title=\"Couverture Charbonnier Chateau Chinon 13\" width=\"1200\" height=\"900\" class=\"rev-slidebg tp-rs-img rs-lazyload\" data-lazyload=\"\/\/www.couverture-etienne-58.com\/wp-content\/uploads\/2022\/12\/Couverture-Charbonnier-Chateau-Chinon-13.jpg\" data-no-retina>\n<!--\n\t\t\t\t\t\t\t--><rs-layer\n\t\t\t\t\t\t\t\tid=\"slider-4-slide-2-layer-1\" \n\t\t\t\t\t\t\t\tdata-type=\"text\"\n\t\t\t\t\t\t\t\tdata-color=\"#fff\"\n\t\t\t\t\t\t\t\tdata-rsp_ch=\"on\"\n\t\t\t\t\t\t\t\tdata-xy=\"xo:82px,67px,50px,30px;yo:226px,186px,141px,86px;\"\n\t\t\t\t\t\t\t\tdata-text=\"w:normal;s:60,49,37,22;l:70,57,43,26;ls:-1,0,0,0;fw:500;\"\n\t\t\t\t\t\t\t\tdata-dim=\"minh:0px,none,none,none;\"\n\t\t\t\t\t\t\t\tdata-frame_999=\"o:0;st:w;\"\n\t\t\t\t\t\t\t\tstyle=\"z-index:6;font-family:'Poppins';text-transform:uppercase;\"\n\t\t\t\t\t\t\t>ENTREPRISE ETIENNE \n\t\t\t\t\t\t\t<\/rs-layer><!--\n\n\t\t\t\t\t\t\t--><rs-layer\n\t\t\t\t\t\t\t\tid=\"slider-4-slide-2-layer-2\" \n\t\t\t\t\t\t\t\tdata-type=\"text\"\n\t\t\t\t\t\t\t\tdata-color=\"#fff\"\n\t\t\t\t\t\t\t\tdata-rsp_ch=\"on\"\n\t\t\t\t\t\t\t\tdata-xy=\"xo:89px,73px,55px,33px;yo:312px,257px,195px,120px;\"\n\t\t\t\t\t\t\t\tdata-text=\"w:normal;s:24,19,14,18;l:24,19,14,18;ls:1,0,0,0;\"\n\t\t\t\t\t\t\t\tdata-dim=\"minh:0px,none,none,none;\"\n\t\t\t\t\t\t\t\tdata-frame_999=\"o:0;st:w;\"\n\t\t\t\t\t\t\t\tstyle=\"z-index:7;font-family:'Roboto';\"\n\t\t\t\t\t\t\t>Artisan sp\u00e9cialiste de couverture et de zinguerie<br> dans le d\u00e9partement de la Ni\u00e8vre.<br> Equipe de professionnels - 20 ans \u00e0 votre service ! \n\t\t\t\t\t\t\t<\/rs-layer><!--\n-->\t\t\t\t\t\t<\/rs-slide>\n\t\t\t\t\t\t<rs-slide style=\"position: absolute;\" data-key=\"rs-3\" data-title=\"Slide\" data-thumb=\"\/\/www.couverture-etienne-58.com\/wp-content\/uploads\/2022\/12\/Couverture-toit-en-ardoises-Entreprise-Etienne-58-3-50x100.jpg\" data-in=\"o:0;\" data-out=\"a:false;\">\n\t\t\t\t\t\t\t<img decoding=\"async\" src=\"\/\/www.couverture-etienne-58.com\/wp-content\/plugins\/revslider\/public\/assets\/assets\/dummy.png\" alt=\"\" title=\"Couverture toit en ardoises &#8211; Entreprise Etienne 58-3\" width=\"1200\" height=\"900\" class=\"rev-slidebg tp-rs-img rs-lazyload\" data-lazyload=\"\/\/www.couverture-etienne-58.com\/wp-content\/uploads\/2022\/12\/Couverture-toit-en-ardoises-Entreprise-Etienne-58-3.jpg\" data-no-retina>\n<!--\n\t\t\t\t\t\t\t--><rs-layer\n\t\t\t\t\t\t\t\tid=\"slider-4-slide-3-layer-1\" \n\t\t\t\t\t\t\t\tdata-type=\"text\"\n\t\t\t\t\t\t\t\tdata-color=\"#fff\"\n\t\t\t\t\t\t\t\tdata-rsp_ch=\"on\"\n\t\t\t\t\t\t\t\tdata-xy=\"xo:82px,67px,50px,30px;yo:226px,186px,141px,86px;\"\n\t\t\t\t\t\t\t\tdata-text=\"w:normal;s:60,49,37,22;l:70,57,43,26;ls:-1,0,0,0;fw:500;\"\n\t\t\t\t\t\t\t\tdata-dim=\"minh:0px,none,none,none;\"\n\t\t\t\t\t\t\t\tdata-frame_999=\"o:0;st:w;\"\n\t\t\t\t\t\t\t\tstyle=\"z-index:7;font-family:'Poppins';text-transform:uppercase;\"\n\t\t\t\t\t\t\t>TRAVAUX DE RENOVAtion \n\t\t\t\t\t\t\t<\/rs-layer><!--\n\n\t\t\t\t\t\t\t--><rs-layer\n\t\t\t\t\t\t\t\tid=\"slider-4-slide-3-layer-2\" \n\t\t\t\t\t\t\t\tdata-type=\"text\"\n\t\t\t\t\t\t\t\tdata-color=\"#fff\"\n\t\t\t\t\t\t\t\tdata-rsp_ch=\"on\"\n\t\t\t\t\t\t\t\tdata-xy=\"xo:89px,73px,55px,33px;yo:312px,257px,195px,120px;\"\n\t\t\t\t\t\t\t\tdata-text=\"w:normal;s:24,19,14,18;l:24,19,14,18;ls:1,0,0,0;\"\n\t\t\t\t\t\t\t\tdata-dim=\"minh:0px,none,none,none;\"\n\t\t\t\t\t\t\t\tdata-frame_999=\"o:0;st:w;\"\n\t\t\t\t\t\t\t\tstyle=\"z-index:8;font-family:'Roboto';\"\n\t\t\t\t\t\t\t>Optez pour une fa\u00e7ade en ardoise ou en tuile <br> pour votre nouvelle maison ! <br>Des solutions originales qui s\u00e9duisent <br>acqu\u00e9reurs et architectes. \n\t\t\t\t\t\t\t<\/rs-layer><!--\n\n\t\t\t\t\t\t\t--><rs-layer\n\t\t\t\t\t\t\t\tid=\"slider-4-slide-3-layer-3\" \n\t\t\t\t\t\t\t\tdata-type=\"shape\"\n\t\t\t\t\t\t\t\tdata-rsp_ch=\"on\"\n\t\t\t\t\t\t\t\tdata-xy=\"xo:59px,48px,36px,22px;yo:218px,180px,136px,83px;\"\n\t\t\t\t\t\t\t\tdata-text=\"w:normal;s:20,16,12,7;l:0,20,15,9;\"\n\t\t\t\t\t\t\t\tdata-dim=\"w:807px,666px,506px,371px;h:225px,185px,140px,126px;\"\n\t\t\t\t\t\t\t\tdata-frame_0=\"x:0,0,0,0px;y:0,0,0,0px;\"\n\t\t\t\t\t\t\t\tdata-frame_1=\"x:0,0,0,0px;y:0,0,0,0px;\"\n\t\t\t\t\t\t\t\tdata-frame_999=\"o:0;st:w;\"\n\t\t\t\t\t\t\t\tstyle=\"z-index:5;background-color:rgba(0,0,0,0.5);\"\n\t\t\t\t\t\t\t> \n\t\t\t\t\t\t\t<\/rs-layer><!--\n-->\t\t\t\t\t\t<\/rs-slide>\n\t\t\t\t\t\t<rs-slide style=\"position: absolute;\" data-key=\"rs-5\" data-title=\"Slide\" data-thumb=\"\/\/www.couverture-etienne-58.com\/wp-content\/uploads\/2023\/03\/DSC04793-scaled-50x100.jpg\" data-in=\"o:0;\" data-out=\"a:false;\">\n\t\t\t\t\t\t\t<img decoding=\"async\" src=\"\/\/www.couverture-etienne-58.com\/wp-content\/plugins\/revslider\/public\/assets\/assets\/dummy.png\" alt=\"\" title=\"DSC04793\" width=\"2560\" height=\"1920\" class=\"rev-slidebg tp-rs-img rs-lazyload\" data-lazyload=\"\/\/www.couverture-etienne-58.com\/wp-content\/uploads\/2023\/03\/DSC04793-scaled.jpg\" data-no-retina>\n<!--\n\t\t\t\t\t\t\t--><rs-layer\n\t\t\t\t\t\t\t\tid=\"slider-4-slide-5-layer-1\" \n\t\t\t\t\t\t\t\tdata-type=\"text\"\n\t\t\t\t\t\t\t\tdata-color=\"#fff\"\n\t\t\t\t\t\t\t\tdata-rsp_ch=\"on\"\n\t\t\t\t\t\t\t\tdata-xy=\"xo:18px,14px,10px,13px;yo:670px,553px,420px,108px;\"\n\t\t\t\t\t\t\t\tdata-text=\"w:normal;s:60,49,37,22;l:70,57,43,26;ls:-1,0,0,0;fw:500;\"\n\t\t\t\t\t\t\t\tdata-dim=\"minh:0px,none,none,none;\"\n\t\t\t\t\t\t\t\tdata-frame_999=\"o:0;st:w;\"\n\t\t\t\t\t\t\t\tstyle=\"z-index:7;font-family:'Poppins';text-transform:uppercase;\"\n\t\t\t\t\t\t\t>Location de mat\u00e9riel \n\t\t\t\t\t\t\t<\/rs-layer><!--\n\n\t\t\t\t\t\t\t--><rs-layer\n\t\t\t\t\t\t\t\tid=\"slider-4-slide-5-layer-2\" \n\t\t\t\t\t\t\t\tdata-type=\"text\"\n\t\t\t\t\t\t\t\tdata-color=\"#fff\"\n\t\t\t\t\t\t\t\tdata-rsp_ch=\"on\"\n\t\t\t\t\t\t\t\tdata-xy=\"xo:20px,16px,12px,10px;yo:755px,623px,473px,158px;\"\n\t\t\t\t\t\t\t\tdata-text=\"w:normal;s:24,19,14,18;l:24,19,14,18;ls:1,0,0,0;\"\n\t\t\t\t\t\t\t\tdata-dim=\"minh:0px,none,none,none;\"\n\t\t\t\t\t\t\t\tdata-frame_999=\"o:0;st:w;\"\n\t\t\t\t\t\t\t\tstyle=\"z-index:8;font-family:'Roboto';\"\n\t\t\t\t\t\t\t>Il est parfois inutile d\u2019investir dans des outils co\u00fbteux <br \/>\npour vos travaux. Entreprise Etienne vous propose <br \/>\nRef machines : AHK 34\/1800 et AK44\/4000. <br \/>\nAccessoires disponibles \n\t\t\t\t\t\t\t<\/rs-layer><!--\n\n\t\t\t\t\t\t\t--><rs-layer\n\t\t\t\t\t\t\t\tid=\"slider-4-slide-5-layer-3\" \n\t\t\t\t\t\t\t\tdata-type=\"shape\"\n\t\t\t\t\t\t\t\tdata-rsp_ch=\"on\"\n\t\t\t\t\t\t\t\tdata-xy=\"xo:3px,2px,1px,4px;yo:662px,546px,414px,108px;\"\n\t\t\t\t\t\t\t\tdata-text=\"w:normal;s:20,16,12,7;l:0,20,15,9;\"\n\t\t\t\t\t\t\t\tdata-dim=\"w:807px,666px,506px,471px;h:208px,171px,129px,112px;\"\n\t\t\t\t\t\t\t\tdata-frame_999=\"o:0;st:w;\"\n\t\t\t\t\t\t\t\tstyle=\"z-index:5;background-color:rgba(0,0,0,0.5);\"\n\t\t\t\t\t\t\t> \n\t\t\t\t\t\t\t<\/rs-layer><!--\n-->\t\t\t\t\t\t<\/rs-slide>\n\t\t\t\t\t<\/rs-slides>\n\t\t\t\t<\/rs-module>\n\t\t\t\t<script>\n\t\t\t\t\tsetREVStartSize({c: 'rev_slider_4_1',rl:[1240,1024,778,480],el:[900,768,960,720],gw:[1240,1024,778,480],gh:[900,768,960,720],type:'standard',justify:'',layout:'fullscreen',offsetContainer:'',offset:'',mh:\"0\"});if (window.RS_MODULES!==undefined && window.RS_MODULES.modules!==undefined && window.RS_MODULES.modules[\"revslider41\"]!==undefined) {window.RS_MODULES.modules[\"revslider41\"].once = false;window.revapi4 = undefined;if (window.RS_MODULES.checkMinimal!==undefined) window.RS_MODULES.checkMinimal()}\n\t\t\t\t<\/script>\n\t\t\t\t<script src=\"https:\/\/www.youtube.com\/iframe_api\"><\/script>\n\t\t\t<\/rs-module-wrap>\n\t\t\t<!-- END REVOLUTION SLIDER -->\n[vc_empty_space][vc_empty_space][\/vc_column][\/vc_row][vc_row css=&#8221;.vc_custom_1679405746219{margin-right: 20px !important;margin-left: 20px !important;}&#8221;][vc_column width=&#8221;1\/3&#8243;][vc_custom_heading text=&#8221;Couverture \u2013 zinguerie&#8221; use_theme_fonts=&#8221;yes&#8221;][vc_single_image image=&#8221;2235&#8243; img_size=&#8221;full&#8221;][vc_column_text]<strong>Confiez vos projets \u00e0 l&#8217;entreprise Bruno ETIENNE, ils deviendront r\u00e9alit\u00e9.<\/strong><\/p>\n<p>Situ\u00e9e \u00e0 Ch\u00e2teau-Chinon-Campagne, dans le d\u00e9partement de la Ni\u00e8vre, l\u2019entreprise Bruno ETIENNE est sp\u00e9cialis\u00e9e dans les travaux de couverture, zinguerie et d\u00e9moussage. Son \u00e9quipe de professionnels qualifi\u00e9s et s\u00e9rieux se tient \u00e0 votre disposition de 8h \u00e0 12h et de 13h30 \u00e0 17h30 pour r\u00e9aliser l\u2019ensemble de vos projets et vous conseiller.<\/p>\n<p><strong>T\u00e9l. 03 86 85 20 49<\/strong><br \/>\n<strong>Fax. 03 86 85 20 49<\/strong><br \/>\n<strong>Email. <span class=\"icon-box__subtitle\">ent.bruno.etienne@orange.fr<\/span><\/strong>[\/vc_column_text][\/vc_column][vc_column width=&#8221;1\/3&#8243;][vc_custom_heading text=&#8221;Qualit\u00e9 PLUS&#8221; use_theme_fonts=&#8221;yes&#8221;][vc_single_image image=&#8221;2233&#8243; img_size=&#8221;full&#8221;][vc_column_text]<strong>Fid\u00e8le \u00e0 ses valeurs<\/strong><\/p>\n<p>L&#8217;\u2019Entreprise Bruno ETIENNE fait de la satisfaction de ses clients une priorit\u00e9 et veille \u00e0 ce qu\u2019elle soit toujours un crit\u00e8re de qualit\u00e9. Dot\u00e9s de nombreuses ann\u00e9es d\u2019exp\u00e9rience dans le m\u00e9tier, ses artisans couvreurs-zingueurs vous assurent des prestations irr\u00e9prochables, en ad\u00e9quation avec vos attentes.<\/p>\n<ul>\n<li>travaux sur charpentes<\/li>\n<li>r\u00e9novation de toiture<\/li>\n<li>isolation et \u00e9tanch\u00e9it\u00e9 de toiture<\/li>\n<li>pose de velux<\/li>\n<\/ul>\n<p>[\/vc_column_text][\/vc_column][vc_column width=&#8221;1\/3&#8243;][vc_custom_heading text=&#8221;Nos engagements&#8221; use_theme_fonts=&#8221;yes&#8221;][vc_single_image image=&#8221;2234&#8243; img_size=&#8221;full&#8221;][vc_column_text]<strong>Devis gratuit<\/strong><\/p>\n<ul>\n<li>Qualit\u00e9 des r\u00e9alisations<\/li>\n<li>Suivi des travaux<\/li>\n<li>Respect des d\u00e9lais<\/li>\n<li>Conseils<\/li>\n<\/ul>\n<p>Pour confier vos travaux entre des mains expertes, pour recevoir des devis personnalis\u00e9s ou encore pour tout besoin de renseignement,<br \/>\ncontactez votre soci\u00e9t\u00e9 de couverture et zinguerie \u00e0 Ch\u00e2teau-Chinon-Campagne.<\/p>\n<p style=\"text-align: center;\"><em>Ses professionnels se feront un plaisir de r\u00e9pondre \u00e0 toutes vos demandes.<\/em><\/p>\n<p>[\/vc_column_text][\/vc_column][\/vc_row][vc_row full_width=&#8221;stretch_row_content&#8221; css=&#8221;.vc_custom_1673274008882{background-image: url(https:\/\/www.couverture-etienne-58.com\/wp-content\/uploads\/2014\/10\/couverture-etienne-slide5.jpg?id=2412) !important;}&#8221;][vc_column][vc_empty_space][vc_empty_space][vc_empty_space][vc_custom_heading text=&#8221;Entreprise ETIENNE \u00e0 Ni\u00e8vres &#8211; 20 ans d\u2019exp\u00e9rience \u00e0 votre service&#8221; font_container=&#8221;tag:h1|text_align:center|color:%23ffffff&#8221; use_theme_fonts=&#8221;yes&#8221;][vc_empty_space][vc_empty_space][vc_empty_space][\/vc_column][\/vc_row][vc_row][vc_column][vc_btn title=&#8221;CONTACTEZ-NOUS&#8221; color=&#8221;warning&#8221; align=&#8221;center&#8221; link=&#8221;url:https%3A%2F%2Fwww.couverture-etienne-58.com%2F%3Fpage_id%3D29&#8243;][\/vc_column][\/vc_row]<\/p>\n<\/section>","protected":false},"excerpt":{"rendered":"<p>[vc_row full_width=&#8221;stretch_row_content_no_spaces&#8221; content_placement=&#8221;middle&#8221;][vc_column][vc_empty_space][vc_empty_space][\/vc_column][\/vc_row][vc_row css=&#8221;.vc_custom_1679405746219{margin-right: 20px !important;margin-left: 20px !important;}&#8221;][vc_column width=&#8221;1\/3&#8243;][vc_custom_heading text=&#8221;Couverture \u2013 zinguerie&#8221; use_theme_fonts=&#8221;yes&#8221;][vc_single_image image=&#8221;2235&#8243; img_size=&#8221;full&#8221;][vc_column_text]Confiez vos projets \u00e0 l&#8217;entreprise Bruno ETIENNE, ils deviendront r\u00e9alit\u00e9. Situ\u00e9e \u00e0 Ch\u00e2teau-Chinon-Campagne, dans le d\u00e9partement de la Ni\u00e8vre, l\u2019entreprise Bruno ETIENNE est sp\u00e9cialis\u00e9e dans les travaux de couverture, zinguerie et d\u00e9moussage. Son \u00e9quipe de professionnels qualifi\u00e9s et s\u00e9rieux se tient<\/p>\n","protected":false},"author":5,"featured_media":0,"parent":0,"menu_order":0,"comment_status":"closed","ping_status":"open","template":"tpl-visual_composer.php","meta":{"_acf_changed":false,"footnotes":""},"class_list":["post-2543","page","type-page","status-publish","hentry"],"acf":[],"_links":{"self":[{"href":"https:\/\/www.couverture-etienne-58.com\/index.php?rest_route=\/wp\/v2\/pages\/2543","targetHints":{"allow":["GET"]}}],"collection":[{"href":"https:\/\/www.couverture-etienne-58.com\/index.php?rest_route=\/wp\/v2\/pages"}],"about":[{"href":"https:\/\/www.couverture-etienne-58.com\/index.php?rest_route=\/wp\/v2\/types\/page"}],"author":[{"embeddable":true,"href":"https:\/\/www.couverture-etienne-58.com\/index.php?rest_route=\/wp\/v2\/users\/5"}],"replies":[{"embeddable":true,"href":"https:\/\/www.couverture-etienne-58.com\/index.php?rest_route=%2Fwp%2Fv2%2Fcomments&post=2543"}],"version-history":[{"count":14,"href":"https:\/\/www.couverture-etienne-58.com\/index.php?rest_route=\/wp\/v2\/pages\/2543\/revisions"}],"predecessor-version":[{"id":2564,"href":"https:\/\/www.couverture-etienne-58.com\/index.php?rest_route=\/wp\/v2\/pages\/2543\/revisions\/2564"}],"wp:attachment":[{"href":"https:\/\/www.couverture-etienne-58.com\/index.php?rest_route=%2Fwp%2Fv2%2Fmedia&parent=2543"}],"curies":[{"name":"wp","href":"https:\/\/api.w.org\/{rel}","templated":true}]}}